{"id":1671,"date":"2015-04-09T19:01:11","date_gmt":"2015-04-09T19:01:11","guid":{"rendered":"http:\/\/ik8scr.azurewebsites.net\/?page_id=1671"},"modified":"2015-04-12T15:36:02","modified_gmt":"2015-04-12T15:36:02","slug":"interfaccia-modi-digitali-usb","status":"publish","type":"page","link":"https:\/\/www.ik8scr.it\/?page_id=1671","title":{"rendered":"Fai da te: Interfaccia modi digitali USB"},"content":{"rendered":"<div>\n<h6><span style=\"color: #003366;\">Interfaccia modi digitali USB &#8211; <span style=\"text-decoration: underline;\"><a style=\"color: #003366; text-decoration: underline;\" title=\"Fai da te\" href=\"http:\/\/ik8scr.azurewebsites.net\/?page_id=3191\">Bromografo<\/a><\/span> &#8211; <span style=\"text-decoration: underline;\"><a style=\"color: #003366; text-decoration: underline;\" title=\"PIEGATRICE\" href=\"http:\/\/ik8scr.azurewebsites.net\/?page_id=231\">Piegatrice<\/a><\/span><\/span><\/h6>\n<p>Credo che sia capitato a molti di voi cercare in rete il manuale di una radio oppure il datasheet di un componente o quella specifica radio e chi sa il perch\u00e9, dopo alcune pagine \u00a0si trova a leggere articoli diversi da quelli con cui si \u00e8 iniziato la ricerca. Questo \u00e8 quanto mi \u00e8 capitato una sera mentre cercavo notizie pi\u00f9 particolari \u00a0su una antenna loop magnetica e mi sono trovato su <a href=\"http:\/\/www.miniware.it\/\">www.miniware.it<\/a>\u00a0 di Costante IZ3HBO che ringrazio molto per la sua disponibilit\u00e0 e collaborazione. Nel scrollare le pagine ho trovato una interfaccia per i modi digitali che usava principalmente per l\u2019ingresso al computer la porta USB e volendo anche la porta seriale. Si \u00e8 illuminato subito l\u2019idea di costruirla, poterla collegare ad un pc e usarla fuori casa in portatile, ne parlai a Enzo I8BVW il quale subito ader\u00ec all\u2019idea e iniziammo la ricerca dei componenti. Ho provato a fare il circuito stampato a casa, cosa che faccio molto spesso, ma ho avuto difficolt\u00e0\u00a0 ed allora mi sono rivolto ad un ditta specializzata chiedendogli quanto mi fosse costato avere alcune schede, mi risposero che il problema non era il costo delle schede, ma la spedizione da parte mia di due file che per\u00f2 io non avevo. Ho contattato subito Costante IZ3HBO chiedendogli come aveva fatto e mi rispose che anche lui si era rivolto alla stessa ditta. Dopo il cordiale scambio di alcuni messaggi Costante ha autorizzato la ditta a fornirmi le schede del circuito usando i propri file che loro avevano in archivio. \u00a0A distanza di una decina di giorni dal mio ordine e relativo pagamento, ho ricevuto i circuiti visibili in questa foto di cui su uno di essi si vede il convertitore analogico\/digitale FT232RL\u00a0 unico componente smd successivamente fatto saldare.<\/p>\n<\/div>\n<div>\n<p><a href=\"http:\/\/ik8scr.azurewebsites.net\/wp-content\/uploads\/2015\/04\/IMG_20141024_180242-1170x878.jpg\"><img decoding=\"async\" loading=\"lazy\" class=\" wp-image-1891 size-large aligncenter\" src=\"http:\/\/ik8scr.azurewebsites.net\/wp-content\/uploads\/2015\/04\/IMG_20141024_180242-1170x878-1024x768.jpg\" alt=\"IMG_20141024_180242-1170x878\" width=\"800\" height=\"600\" srcset=\"https:\/\/www.ik8scr.it\/wp-content\/uploads\/2015\/04\/IMG_20141024_180242-1170x878-1024x768.jpg 1024w, https:\/\/www.ik8scr.it\/wp-content\/uploads\/2015\/04\/IMG_20141024_180242-1170x878-300x225.jpg 300w, https:\/\/www.ik8scr.it\/wp-content\/uploads\/2015\/04\/IMG_20141024_180242-1170x878.jpg 1170w\" sizes=\"(max-width: 800px) 100vw, 800px\" \/><\/a><\/p>\n<p><a href=\"http:\/\/ik8scr.azurewebsites.net\/wp-content\/uploads\/2015\/04\/P1030266-1170x658.jpg\"><img decoding=\"async\" loading=\"lazy\" class=\" wp-image-1961 size-large aligncenter\" src=\"http:\/\/ik8scr.azurewebsites.net\/wp-content\/uploads\/2015\/04\/P1030266-1170x658-1024x576.jpg\" alt=\"P1030266-1170x658\" width=\"800\" height=\"450\" srcset=\"https:\/\/www.ik8scr.it\/wp-content\/uploads\/2015\/04\/P1030266-1170x658-1024x576.jpg 1024w, https:\/\/www.ik8scr.it\/wp-content\/uploads\/2015\/04\/P1030266-1170x658-300x169.jpg 300w, https:\/\/www.ik8scr.it\/wp-content\/uploads\/2015\/04\/P1030266-1170x658.jpg 1170w\" sizes=\"(max-width: 800px) 100vw, 800px\" \/><\/a><\/p>\n<p>Assemblare i componenti non mi \u00e8 stato quasi mai difficile, ma quello che non ho mai fatto e saldare gli smd, i primi\u00a0 integrati sono stati saldati da un vecchio OM che mi ha spiegato anche come fare, oggi mi esercito \u00a0a fare qualche saldatura ma devo migliorare ancora di molto, pecco nella pulizia dello stagno, ne uso ancora troppo. Ritorniamo al circuito, come si vede dalle foto fa uso dei due trasformatori da 600 Ohm\u00a0 rapporto 1:1 per l\u2019ingresso e l\u2019uscita della Sound Blaster, proteggendo la stessa con degli optoisolatori. Sulla pagina di miniware, troverete tre circuiti che sono stati aggiornati successivamente e noi abbiamo deciso di costruire il terzo, quello del mese di Novembre . Le pagine del circuito stampato, la disposizione dei componenti, gli schemi elettrici e notizie sul circuito si richiamano con un link. Come dicevo prima, assemblare i componenti sul circuito non comporta nessuna difficolt\u00e0, per la porta USB ho usato quella delle stampanti \u00a0perch\u00e9 \u00e8 pi\u00f9 piccola, i due ingressi audio hanno i piedini un po\u2019 pi\u00f9 larghi del fori del circuito, bisogna intervenire con una punta per aprirli di pi\u00f9; i due potenziometri, il connettore a 6 piedini e l\u2019uscita del CW per mia comodit\u00e0\u00a0 li ho collegati\u00a0 sulle pareti del contenitore.<\/p>\n<p><a href=\"http:\/\/ik8scr.azurewebsites.net\/wp-content\/uploads\/2015\/04\/unnamed-2.jpg\"><img decoding=\"async\" loading=\"lazy\" class=\" wp-image-2051 size-large aligncenter\" src=\"http:\/\/ik8scr.azurewebsites.net\/wp-content\/uploads\/2015\/04\/unnamed-2-1024x758.jpg\" alt=\"unnamed-2\" width=\"800\" height=\"592\" srcset=\"https:\/\/www.ik8scr.it\/wp-content\/uploads\/2015\/04\/unnamed-2-1024x758.jpg 1024w, https:\/\/www.ik8scr.it\/wp-content\/uploads\/2015\/04\/unnamed-2-300x222.jpg 300w, https:\/\/www.ik8scr.it\/wp-content\/uploads\/2015\/04\/unnamed-2.jpg 1028w\" sizes=\"(max-width: 800px) 100vw, 800px\" \/><\/a><\/p>\n<p><a href=\"http:\/\/ik8scr.azurewebsites.net\/wp-content\/uploads\/2014\/04\/unnamed-1.jpg\"><img decoding=\"async\" loading=\"lazy\" class=\" wp-image-1041 size-large aligncenter\" src=\"http:\/\/ik8scr.azurewebsites.net\/wp-content\/uploads\/2014\/04\/unnamed-1-1024x758.jpg\" alt=\"unnamed (1)\" width=\"800\" height=\"592\" srcset=\"https:\/\/www.ik8scr.it\/wp-content\/uploads\/2014\/04\/unnamed-1-1024x758.jpg 1024w, https:\/\/www.ik8scr.it\/wp-content\/uploads\/2014\/04\/unnamed-1-300x222.jpg 300w, https:\/\/www.ik8scr.it\/wp-content\/uploads\/2014\/04\/unnamed-1.jpg 1088w\" sizes=\"(max-width: 800px) 100vw, 800px\" \/><\/a><\/p>\n<p>Volutamente non\u00a0 ho collegato l\u2019uscita seriale, alla quale per una migliore prestazione, si devono sostituire alcuni componenti, frutto di una modifica apportata successivamente da un\u2019altro OM e riportata nell\u2019articolo stesso. Inutile dire che il circuito funziona, \u00a0ho partecipato ad un contest senza avere il\u00a0 che minimo problema.<\/p>\n<p>Consultati la pagina web di IZ3HBO e vi accorgerete\u00a0 di entrare in contatto con un vero OM che condivide il suo operato con il puro spirito di radiantismo.<\/p>\n<p>Non dovresti avere difficolt\u00e0 ma chi volesse avere chiarimenti\u00a0 sul \u00a0circuito, ogni mercoled\u00ec dalle 17 in poi sono in Sezione.<\/p>\n<\/div>\n","protected":false},"excerpt":{"rendered":"<p>Interfaccia modi digitali USB &#8211; Bromografo &#8211; Piegatrice Credo che sia capitato a molti di voi cercare in rete il manuale di una radio oppure il datasheet di un componente o quella specifica radio e chi sa il perch\u00e9, dopo alcune pagine \u00a0si trova a leggere articoli diversi da quelli con cui si \u00e8 iniziato la ricerca. Questo \u00e8 quanto mi \u00e8 capitato una sera mentre cercavo notizie pi\u00f9 particolari \u00a0su una antenna loop magnetica e mi sono trovato su www.miniware.it\u00a0 di Costante IZ3HBO che ringrazio molto per la sua disponibilit\u00e0 e collaborazione. Nel scrollare le pagine ho trovato una interfaccia per i modi digitali che usava principalmente per l\u2019ingresso al computer la porta USB e volendo anche la porta seriale. Si \u00e8 illuminato subito l\u2019idea di costruirla, poterla collegare ad un pc e usarla fuori casa in portatile, ne parlai a Enzo I8BVW il quale subito ader\u00ec all\u2019idea e [&hellip;]<\/p>\n","protected":false},"author":1,"featured_media":0,"parent":0,"menu_order":0,"comment_status":"closed","ping_status":"closed","template":"","meta":[],"_links":{"self":[{"href":"https:\/\/www.ik8scr.it\/index.php?rest_route=\/wp\/v2\/pages\/1671"}],"collection":[{"href":"https:\/\/www.ik8scr.it\/index.php?rest_route=\/wp\/v2\/pages"}],"about":[{"href":"https:\/\/www.ik8scr.it\/index.php?rest_route=\/wp\/v2\/types\/page"}],"author":[{"embeddable":true,"href":"https:\/\/www.ik8scr.it\/index.php?rest_route=\/wp\/v2\/users\/1"}],"replies":[{"embeddable":true,"href":"https:\/\/www.ik8scr.it\/index.php?rest_route=%2Fwp%2Fv2%2Fcomments&post=1671"}],"version-history":[{"count":15,"href":"https:\/\/www.ik8scr.it\/index.php?rest_route=\/wp\/v2\/pages\/1671\/revisions"}],"predecessor-version":[{"id":3441,"href":"https:\/\/www.ik8scr.it\/index.php?rest_route=\/wp\/v2\/pages\/1671\/revisions\/3441"}],"wp:attachment":[{"href":"https:\/\/www.ik8scr.it\/index.php?rest_route=%2Fwp%2Fv2%2Fmedia&parent=1671"}],"curies":[{"name":"wp","href":"https:\/\/api.w.org\/{rel}","templated":true}]}}