{"id":3191,"date":"2015-04-11T07:18:10","date_gmt":"2015-04-11T07:18:10","guid":{"rendered":"http:\/\/ik8scr.azurewebsites.net\/?page_id=3191"},"modified":"2015-05-02T16:10:53","modified_gmt":"2015-05-02T16:10:53","slug":"bromografo-2","status":"publish","type":"page","link":"http:\/\/www.ik8scr.it\/?page_id=3191","title":{"rendered":"Fai da te: Bromografo"},"content":{"rendered":"<h6><span style=\"color: #003366;\"><span style=\"text-decoration: underline;\"><a style=\"color: #003366; text-decoration: underline;\" title=\"Fai da te\" href=\"http:\/\/ik8scr.azurewebsites.net\/?page_id=1671\">Interfaccia modi digitali USB<\/a><\/span> &#8211; Bromografo &#8211; <span style=\"text-decoration: underline;\"><a style=\"color: #003366; text-decoration: underline;\" title=\"Fai da te\" href=\"http:\/\/ik8scr.azurewebsites.net\/?page_id=231\">Piegatrice<\/a><\/span><\/span><\/h6>\n<p>Ogni volta che mi occorreva copia di un circuito stampato, monofaccia, dovevo sempre fare uso della basetta millefori, perch\u00e8 non ero nelle condizioni di riprodurlo.<\/p>\n<p>Per quando potessi essere preciso, ottenevo buoni risultati ma a volte non erano sufficienti.<br \/>\nQuanche volta ho chiesto aiuto a chi \u00e8 in grado di farli, ma, (promette sicuro e viene meno certo)\u00a0 tanta attesa e\u00a0 risultato negativo.<br \/>\nAllora quale \u00e8 il mezzo migliore se non quello di farselo da solo? e cos\u00ec ho dato inizio al mio Bromografo.<br \/>\nSu Internet ci sono molti Bromografi autocostriuti,\u00a0 la maggior parte hanno fatto uso di\u00a0 un vecchio scanner e\u00a0 lampade UV da 8 watt, per la costruzione basta invece un po di dimestichezza con pinze, saldatori, trapano, filo e collanti.<br \/>\nPer la creazione del master far\u00f2 uso di Circad, ho scaricato l&#8217;ultima versione del programma pi\u00f9 qualche aiuto per le sue applicazioni,\u00a0 ricordo poco a distanza di alcuni anni, e poi un piccolo aiuto \u00e8 sembre bene accetto; per riportare su carta il circuito stampato ho la stampante laser, dovr\u00f2 solo procurarmi carta trasparente specifica per stampanti laser, ed esercitarmi fino a quando non avr\u00f2 un circuito completo.<br \/>\nEscluso la carta che per adesso non serve ancora, dopo essermi procurato il tutto, ho\u00a0 iniziato il mio percorso circuiti stampati.<\/p>\n<p>Ecco alcune foto durante l&#8217;assemblaggio del bromografo : lo scanner che ho recuperato prima della demolizione e la parte sottostante, privata del suo contenuto.<\/p>\n<div style=\"text-align: center;\">\n<img decoding=\"async\" loading=\"lazy\" src=\"http:\/\/ik8scr.azurewebsites.net\/wp-content\/uploads\/2015\/04\/p1000597_ezg_1.jpg\" alt=\"p1000597_ezg_1\" width=\"267\" height=\"200\" \/><img decoding=\"async\" loading=\"lazy\" src=\"http:\/\/ik8scr.azurewebsites.net\/wp-content\/uploads\/2015\/04\/p1000600.jpg\" alt=\"p1000600\" width=\"267\" height=\"200\" \/>\n<\/div>\n<p>Prime prove di centratura delle lampade, sulla destra di ogni neon il suo Ballast.<\/p>\n<div style=\"text-align: center;\"><img decoding=\"async\" loading=\"lazy\" src=\"http:\/\/ik8scr.azurewebsites.net\/wp-content\/uploads\/2015\/04\/p1000601.jpg\" alt=\"p1000601\" width=\"267\" height=\"200\" \/><img decoding=\"async\" loading=\"lazy\" src=\"http:\/\/ik8scr.azurewebsites.net\/wp-content\/uploads\/2015\/04\/p1000603.jpg\" alt=\"p1000603\" width=\"267\" height=\"200\" \/><\/div>\n<p>Il Ballast che \u00e8 all&#8217;interno di ogni lampada a risparmio energetico, l&#8217;etichetta sul condensatore<br \/>\nporta la tensione ed il wattaggio, le due coppie di cavi a sinistra vanno alle lampade, quella di<br \/>\ndestra all&#8217;alimentazione. Con i Ballast si evitano i comuni componenti per i neon.<\/p>\n<p>Non resta che collegare i fili per l&#8217;alimentazione ai mammut che sono pi\u00f9 sicuri delle torrine per gli agganci dei neon. Un controllo visivo a freddo per la sicurezza di continuit\u00e0 e poi&#8230;dare tenzione.<\/p>\n<div style=\"text-align: center;\"><img decoding=\"async\" loading=\"lazy\" src=\"http:\/\/ik8scr.azurewebsites.net\/wp-content\/uploads\/2015\/04\/p1000612_ezg_1-300x225.jpg\" alt=\"p1000612_ezg_1\" width=\"300\" height=\"225\" \/><img decoding=\"async\" loading=\"lazy\" src=\"http:\/\/ik8scr.azurewebsites.net\/wp-content\/uploads\/2015\/04\/p1000614_ezg_2-300x225.jpg\" alt=\"p1000614_ezg_2\" width=\"300\" height=\"225\" \/><\/div>\n<p>FUNZIONA! Grazie Rete!<\/p>\n<div style=\"text-align: center;\"><img decoding=\"async\" loading=\"lazy\" src=\"http:\/\/ik8scr.azurewebsites.net\/wp-content\/uploads\/2015\/04\/p1000615-300x225.jpg\" alt=\"p1000615\" width=\"300\" height=\"225\" \/><\/div>\n<p>Siliconato il tutto, chiusi tutti i buchi, \u00e8 pronto per il primo circuito.<\/p>\n<p>Questa \u00e8 la prima incisione:<\/p>\n<div style=\"text-align:center\">\n<img decoding=\"async\" loading=\"lazy\" src=\"http:\/\/ik8scr.azurewebsites.net\/wp-content\/uploads\/2015\/04\/tastot121-300x244.jpg\" alt=\"tastot121\" width=\"300\" height=\"244\" \/>\n<\/div>\n<p>Quanto mi \u00e8 costato?<\/p>\n<p>Meno di 40\u20ac ed alcune ore in pi\u00f9 giorni per assemblare il tutto.<br \/>\nLo scanner mi \u00e8 stato regalato, 3 lampade UV \u20ac18,00; 3 lampade a risparmio energetico da 20 watt (per il recupero dei Ballast ) in offerta \u20ac 6,60; una busta da 10 supporti diametro 16 \u20ac1,60; \u20ac5,00 il foglio di plex a specchio e \u20ac1,00 per il silicone.<br \/>\nCome dicevo prima non \u00e8 tutta farina del mio sacco, con un motore di ricerca, in rete, basta scrivere Bromografo e c\u2019\u00e8 da divertirsi nella costruzione. Buon lavoro!<\/p>\n","protected":false},"excerpt":{"rendered":"<p>Interfaccia modi digitali USB &#8211; Bromografo &#8211; Piegatrice Ogni volta che mi occorreva copia di un circuito stampato, monofaccia, dovevo sempre fare uso della basetta millefori, perch\u00e8 non ero nelle condizioni di riprodurlo. Per quando potessi essere preciso, ottenevo buoni risultati ma a volte non erano sufficienti. Quanche volta ho chiesto aiuto a chi \u00e8 in grado di farli, ma, (promette sicuro e viene meno certo)\u00a0 tanta attesa e\u00a0 risultato negativo. Allora quale \u00e8 il mezzo migliore se non quello di farselo da solo? e cos\u00ec ho dato inizio al mio Bromografo. Su Internet ci sono molti Bromografi autocostriuti,\u00a0 la maggior parte hanno fatto uso di\u00a0 un vecchio scanner e\u00a0 lampade UV da 8 watt, per la costruzione basta invece un po di dimestichezza con pinze, saldatori, trapano, filo e collanti. Per la creazione del master far\u00f2 uso di Circad, ho scaricato l&#8217;ultima versione del programma pi\u00f9 qualche aiuto per [&hellip;]<\/p>\n","protected":false},"author":1,"featured_media":0,"parent":0,"menu_order":0,"comment_status":"closed","ping_status":"closed","template":"","meta":[],"_links":{"self":[{"href":"http:\/\/www.ik8scr.it\/index.php?rest_route=\/wp\/v2\/pages\/3191"}],"collection":[{"href":"http:\/\/www.ik8scr.it\/index.php?rest_route=\/wp\/v2\/pages"}],"about":[{"href":"http:\/\/www.ik8scr.it\/index.php?rest_route=\/wp\/v2\/types\/page"}],"author":[{"embeddable":true,"href":"http:\/\/www.ik8scr.it\/index.php?rest_route=\/wp\/v2\/users\/1"}],"replies":[{"embeddable":true,"href":"http:\/\/www.ik8scr.it\/index.php?rest_route=%2Fwp%2Fv2%2Fcomments&post=3191"}],"version-history":[{"count":13,"href":"http:\/\/www.ik8scr.it\/index.php?rest_route=\/wp\/v2\/pages\/3191\/revisions"}],"predecessor-version":[{"id":7709,"href":"http:\/\/www.ik8scr.it\/index.php?rest_route=\/wp\/v2\/pages\/3191\/revisions\/7709"}],"wp:attachment":[{"href":"http:\/\/www.ik8scr.it\/index.php?rest_route=%2Fwp%2Fv2%2Fmedia&parent=3191"}],"curies":[{"name":"wp","href":"https:\/\/api.w.org\/{rel}","templated":true}]}}